{"id":84,"date":"2026-01-16T19:50:37","date_gmt":"2026-01-16T19:50:37","guid":{"rendered":"https:\/\/www.shiborilovers.eu\/mentions-legales-confidentialite\/"},"modified":"2026-01-20T14:29:37","modified_gmt":"2026-01-20T14:29:37","slug":"mentions-legales-confidentialite","status":"publish","type":"page","link":"https:\/\/www.shiborilovers.eu\/en\/mentions-legales-confidentialite\/","title":{"rendered":"Legal notices \/ Privacy policy"},"content":{"rendered":"<div data-elementor-type=\"wp-page\" data-elementor-id=\"84\" class=\"elementor elementor-84\" data-elementor-post-type=\"page\">\n\t\t\t\t<div class=\"elementor-element elementor-element-5f24cd5 e-flex e-con-boxed e-con e-parent\" data-id=\"5f24cd5\" data-element_type=\"container\" data-e-type=\"container\">\n\t\t\t\t\t<div class=\"e-con-inner\">\n\t\t\t\t<div class=\"elementor-element elementor-element-fb0bf2e elementor-widget elementor-widget-text-editor\" data-id=\"fb0bf2e\" data-element_type=\"widget\" data-e-type=\"widget\" data-widget_type=\"text-editor.default\">\n\t\t\t\t\t\t\t\t\t<h1 data-start=\"346\" data-end=\"406\"><strong data-start=\"348\" data-end=\"406\">Legal notices &amp; Privacy policy<\/strong><\/h1><h2 data-start=\"408\" data-end=\"431\"><strong data-start=\"411\" data-end=\"431\">Mentions l\u00e9gales<\/strong><\/h2><p data-start=\"433\" data-end=\"681\"><strong data-start=\"433\" data-end=\"452\">Website publisher<\/strong><br data-start=\"452\" data-end=\"455\" \/>Association: <em data-start=\"469\" data-end=\"513\">European Shibori Lovers Association (ESLA)<\/em><br data-start=\"513\" data-end=\"516\" \/>Status: Association under the French law of 1901<br data-start=\"545\" data-end=\"548\" \/>RNA number: W332035801 <strong data-start=\"561\" data-end=\"575\">W332035801<\/strong><br data-start=\"575\" data-end=\"578\" \/>Head office: <strong data-start=\"593\" data-end=\"643\">86 chemin de Mussonville, 33130 B\u00e8gles, France<\/strong><br data-start=\"643\" data-end=\"646\" \/>Email: <strong data-start=\"654\" data-end=\"681\"><a class=\"decorated-link cursor-pointer\" rel=\"noopener\" data-start=\"656\" data-end=\"679\">shiborilovers@gmail.com<\/a><\/strong><\/p><p data-start=\"683\" data-end=\"773\"><strong data-start=\"683\" data-end=\"716\">Publication manager<\/strong><br data-start=\"716\" data-end=\"719\" \/>Publication is managed by Cornelia Buttmann-Scholl, president of ESLA.<\/p><p data-start=\"775\" data-end=\"909\"><strong data-start=\"775\" data-end=\"798\">Website hosting<\/strong><br data-start=\"798\" data-end=\"801\" \/>The website is hosted by: <strong data-start=\"827\" data-end=\"839\">o2switch<\/strong><br data-start=\"839\" data-end=\"842\" \/>222-224 Boulevard Gustave Flaubert, 63000 Clermont-Ferrand, France.<\/p><p data-start=\"911\" data-end=\"1372\"><strong data-start=\"911\" data-end=\"939\">Intellectual property<\/strong><br data-start=\"939\" data-end=\"942\" \/>The content on the website (text, images, photographs, videos, graphics, logos, designs, creations, etc.) is protected by intellectual property law and is the exclusive property of ESLA or their respective authors, unless otherwise stated.<br data-start=\"1222\" data-end=\"1225\" \/>Any reproduction, representation, modification, distribution or exploitation, in whole or in part, without prior written authorisation is prohibited.<\/p><hr data-start=\"1374\" data-end=\"1377\" \/><h2 data-start=\"1379\" data-end=\"1439\"><strong data-start=\"1382\" data-end=\"1439\">Data protection &amp; Privacy policy<\/strong><\/h2><p data-start=\"1441\" data-end=\"1644\">ESLA undertakes to ensure the confidentiality of personal data and to comply with applicable regulations, in particular Regulation (EU) 2016\/679 (GDPR) and the amended Data Protection Act.<\/p><h3 data-start=\"1646\" data-end=\"1675\"><strong data-start=\"1650\" data-end=\"1675\">1. Data collected<\/strong><\/h3><p data-start=\"1676\" data-end=\"1890\">The data that may be collected includes:<br data-start=\"1725\" data-end=\"1728\" \/>\u2013 surname, first name<br data-start=\"1741\" data-end=\"1744\" \/>\u2013 email address<br data-start=\"1759\" data-end=\"1762\" \/>\u2013 postal address<br data-start=\"1779\" data-end=\"1782\" \/>\u2013 membership information<br data-start=\"1823\" data-end=\"1826\" \/>\u2013 information relating to exchanges (requests, messages, etc.)<\/p><p data-start=\"1892\" data-end=\"1947\">ESLA does not sell or market this data.<\/p><h3 data-start=\"1949\" data-end=\"1983\"><strong data-start=\"1953\" data-end=\"1983\">2. Purposes of processing<\/strong><\/h3><p data-start=\"1984\" data-end=\"2252\">Data is collected solely for the following purposes:<br data-start=\"2029\" data-end=\"2032\" \/>\u2013 membership management<br data-start=\"2058\" data-end=\"2061\" \/>\u2013 managing communications with members and supporters<br data-start=\"2129\" data-end=\"2132\" \/>\u2013 responding to enquiries via contact forms<br data-start=\"2188\" data-end=\"2191\" \/>\u2013 complying with legal and accounting obligations applicable to associations<\/p><h3 data-start=\"2254\" data-end=\"2286\"><strong data-start=\"2258\" data-end=\"2286\">3. Legal basis (GDPR)<\/strong><\/h3><p data-start=\"2287\" data-end=\"2515\">Processing is based on:<br data-start=\"2317\" data-end=\"2320\" \/>\u2013 consent (optional communication, forms)<br data-start=\"2378\" data-end=\"2381\" \/>\u2013 the legitimate interest of the association (association management and internal communication)<br data-start=\"2465\" data-end=\"2468\" \/>\u2013 legal obligations (accounting, taxation)<\/p><h3 data-start=\"2517\" data-end=\"2549\"><strong data-start=\"2521\" data-end=\"2549\">4. Retention period<\/strong><\/h3><p data-start=\"2550\" data-end=\"2805\">Data is retained for a period proportionate to the above purposes:<br data-start=\"2632\" data-end=\"2635\" \/>\u2013 3 years for contact details<br data-start=\"2670\" data-end=\"2673\" \/>\u2013 10 years for association accounting data<br data-start=\"2722\" data-end=\"2725\" \/>\u2013 as long as consent is not withdrawn for optional communications<\/p><h3 data-start=\"2807\" data-end=\"2831\"><strong data-start=\"2811\" data-end=\"2831\">5. Recipients<\/strong><\/h3><p data-start=\"2832\" data-end=\"2978\">The data is intended exclusively for ESLA and its members responsible for association management.<br data-start=\"2936\" data-end=\"2939\" \/>It is never transferred or sold.<\/p><h3 data-start=\"2980\" data-end=\"3011\"><strong data-start=\"2984\" data-end=\"3011\">6. Individual rights<\/strong><\/h3><p data-start=\"3012\" data-end=\"3196\">In accordance with the GDPR, every individual has the following rights:<br data-start=\"3079\" data-end=\"3082\" \/>\u2013 access<br data-start=\"3089\" data-end=\"3092\" \/>\u2013 rectification<br data-start=\"3107\" data-end=\"3110\" \/>\u2013 erasure<br data-start=\"3122\" data-end=\"3125\" \/>\u2013 objection<br data-start=\"3137\" data-end=\"3140\" \/>\u2013 restriction<br data-start=\"3152\" data-end=\"3155\" \/>\u2013 portability<br data-start=\"3168\" data-end=\"3171\" \/>\u2013 withdrawal of consent<\/p><p data-start=\"3198\" data-end=\"3269\">These rights can be exercised by email: shiborilovers@gmail.com <strong data-start=\"3242\" data-end=\"3269\"><a class=\"decorated-link cursor-pointer\" rel=\"noopener\" data-start=\"3244\" data-end=\"3267\">shiborilovers@gmail.com<\/a><\/strong><\/p><p data-start=\"3271\" data-end=\"3379\">In the event of a dispute, a complaint may be lodged with the <strong data-start=\"3337\" data-end=\"3345\">CNIL<\/strong> (French supervisory authority).<\/p><hr data-start=\"3381\" data-end=\"3384\" \/><h2 data-start=\"3386\" data-end=\"3412\"><strong data-start=\"3389\" data-end=\"3412\">Cookies and trackers<\/strong><\/h2><p data-start=\"3414\" data-end=\"3761\">This website only uses cookies that are strictly necessary for its proper functioning. No analytical, marketing or tracking cookies are used.<\/p><hr data-start=\"3763\" data-end=\"3766\" \/><h2 data-start=\"3768\" data-end=\"3803\"><strong data-start=\"3771\" data-end=\"3803\">Newsletter and communications<\/strong><\/h2><p data-start=\"3804\" data-end=\"4019\">To date, no newsletter or automated mailing list is offered.<br data-start=\"3873\" data-end=\"3876\" \/>If a voluntary communication system were to be set up, registration would be based on consent and could be unsubscribed at any time.<\/p>\t\t\t\t\t\t\t\t<\/div>\n\t\t\t\t\t<\/div>\n\t\t\t\t<\/div>\n\t\t\t\t<\/div>","protected":false},"excerpt":{"rendered":"<p>Mentions l\u00e9gales &amp; Politique de confidentialit\u00e9 Mentions l\u00e9gales \u00c9diteur du siteAssociation : European Shibori Lovers Association (ESLA)Statut : Association loi 1901Num\u00e9ro RNA : W332035801Si\u00e8ge social : 86 chemin de Mussonville, 33130 B\u00e8gles, FranceEmail : shiborilovers@gmail.com Responsable de la publicationLa publication est assur\u00e9e par Cornelia Buttmann-Scholl, pr\u00e9sidente de l\u2019ESLA. H\u00e9bergement du siteLe site est h\u00e9berg\u00e9 par [&hellip;]<\/p>\n","protected":false},"author":1,"featured_media":0,"parent":0,"menu_order":0,"comment_status":"closed","ping_status":"closed","template":"","meta":{"footnotes":""},"class_list":["post-84","page","type-page","status-publish","hentry"],"_links":{"self":[{"href":"https:\/\/www.shiborilovers.eu\/en\/wp-json\/wp\/v2\/pages\/84","targetHints":{"allow":["GET"]}}],"collection":[{"href":"https:\/\/www.shiborilovers.eu\/en\/wp-json\/wp\/v2\/pages"}],"about":[{"href":"https:\/\/www.shiborilovers.eu\/en\/wp-json\/wp\/v2\/types\/page"}],"author":[{"embeddable":true,"href":"https:\/\/www.shiborilovers.eu\/en\/wp-json\/wp\/v2\/users\/1"}],"replies":[{"embeddable":true,"href":"https:\/\/www.shiborilovers.eu\/en\/wp-json\/wp\/v2\/comments?post=84"}],"version-history":[{"count":10,"href":"https:\/\/www.shiborilovers.eu\/en\/wp-json\/wp\/v2\/pages\/84\/revisions"}],"predecessor-version":[{"id":317,"href":"https:\/\/www.shiborilovers.eu\/en\/wp-json\/wp\/v2\/pages\/84\/revisions\/317"}],"wp:attachment":[{"href":"https:\/\/www.shiborilovers.eu\/en\/wp-json\/wp\/v2\/media?parent=84"}],"curies":[{"name":"wp","href":"https:\/\/api.w.org\/{rel}","templated":true}]}}